{"id":80,"date":"2023-03-02T00:17:24","date_gmt":"2023-03-02T00:17:24","guid":{"rendered":"https:\/\/pi-titan.com\/?post_type=product&#038;p=80"},"modified":"2026-04-02T09:55:46","modified_gmt":"2026-04-02T13:55:46","slug":"tiges-filete-14-10-pieds","status":"publish","type":"product","link":"https:\/\/pi-titan.com\/en\/product\/tiges-filete-14-10-pieds\/","title":{"rendered":"Threaded rod 1\/4\" x 10'"},"content":{"rendered":"<p>Threaded rod<\/p>\n<ul>\n<li>Electro-galvanized<\/li>\n<li>Diameter : 1\/4\"<\/li>\n<li>Length : 10'<\/li>\n<li>Finition : Plaqu\u00e9 zinc<\/li>\n<\/ul>\n<p>&nbsp;<\/p>\n<p><img loading=\"lazy\" decoding=\"async\" class=\"alignnone size-full wp-image-2290\" src=\"https:\/\/pi-titan.com\/wp-content\/uploads\/2023\/02\/ANSI-51x33-1.png\" alt=\"\" width=\"51\" height=\"33\" srcset=\"https:\/\/pi-titan.com\/wp-content\/uploads\/2023\/02\/ANSI-51x33-1.png 51w, https:\/\/pi-titan.com\/wp-content\/uploads\/2023\/02\/ANSI-51x33-1-18x12.png 18w\" sizes=\"(max-width: 51px) 100vw, 51px\" \/><\/p>","protected":false},"excerpt":{"rendered":"<p>Tige de suspension \u00e0 filets continus Mat\u00e9riel : Acier Galvanis\u00e9 Diam\u00e8tre : 1\/4&Prime; Longueur : 10&prime; Finition : Plaqu\u00e9 zinc &nbsp;<\/p>","protected":false},"featured_media":247,"template":"","meta":{"_et_pb_use_builder":"","_et_pb_old_content":"","_et_gb_content_width":""},"product_brand":[],"product_cat":[18],"product_tag":[63],"class_list":{"0":"post-80","1":"product","2":"type-product","3":"status-publish","4":"has-post-thumbnail","6":"product_cat-tiges-fillete","7":"product_tag-tige-filetee","8":"product_shipping_class-ramassage-en-entrepot","10":"first","11":"instock","12":"taxable","13":"shipping-taxable","14":"purchasable","15":"product-type-simple","16":"add-to-wishlist-after_add_to_cart"},"_links":{"self":[{"href":"https:\/\/pi-titan.com\/en\/wp-json\/wp\/v2\/product\/80","targetHints":{"allow":["GET"]}}],"collection":[{"href":"https:\/\/pi-titan.com\/en\/wp-json\/wp\/v2\/product"}],"about":[{"href":"https:\/\/pi-titan.com\/en\/wp-json\/wp\/v2\/types\/product"}],"wp:featuredmedia":[{"embeddable":true,"href":"https:\/\/pi-titan.com\/en\/wp-json\/wp\/v2\/media\/247"}],"wp:attachment":[{"href":"https:\/\/pi-titan.com\/en\/wp-json\/wp\/v2\/media?parent=80"}],"wp:term":[{"taxonomy":"product_brand","embeddable":true,"href":"https:\/\/pi-titan.com\/en\/wp-json\/wp\/v2\/product_brand?post=80"},{"taxonomy":"product_cat","embeddable":true,"href":"https:\/\/pi-titan.com\/en\/wp-json\/wp\/v2\/product_cat?post=80"},{"taxonomy":"product_tag","embeddable":true,"href":"https:\/\/pi-titan.com\/en\/wp-json\/wp\/v2\/product_tag?post=80"}],"curies":[{"name":"wp","href":"https:\/\/api.w.org\/{rel}","templated":true}]}}