{"id":4704,"date":"2025-11-05T09:45:18","date_gmt":"2025-11-05T14:45:18","guid":{"rendered":"https:\/\/pi-titan.com\/?post_type=product&#038;p=4704"},"modified":"2026-04-02T09:55:38","modified_gmt":"2026-04-02T13:55:38","slug":"serre-poutre-a-fenetre","status":"publish","type":"product","link":"https:\/\/pi-titan.com\/en\/product\/serre-poutre-a-fenetre\/","title":{"rendered":"Serre poutre \u00e0 fen\u00eatre"},"content":{"rendered":"<p>Serre poutre \u00e0 fen\u00eatre<\/p>\n<ul>\n<li>Hot dip Galvanized<\/li>\n<li>Dimension : 3 1\/2&Prime;<\/li>\n<li>Con\u00e7u pour les profil\u00e9s en C de 1 5\/8&Prime;<\/li>\n<\/ul>","protected":false},"excerpt":{"rendered":"<p>Serre poutre \u00e0 fen\u00eatre Galvanis\u00e9 \u00e0 chaud Dimension : 3 1\/2&Prime; Con\u00e7u pour les profil\u00e9s en C de 1 5\/8&Prime;<\/p>","protected":false},"featured_media":4705,"template":"","meta":{"_et_pb_use_builder":"","_et_pb_old_content":"","_et_gb_content_width":""},"product_brand":[],"product_cat":[246],"product_tag":[],"class_list":{"0":"post-4704","1":"product","2":"type-product","3":"status-publish","4":"has-post-thumbnail","6":"product_cat-accessoires-profile-c","8":"first","9":"onbackorder","10":"taxable","11":"shipping-taxable","12":"purchasable","13":"product-type-simple","14":"add-to-wishlist-after_add_to_cart"},"_links":{"self":[{"href":"https:\/\/pi-titan.com\/en\/wp-json\/wp\/v2\/product\/4704","targetHints":{"allow":["GET"]}}],"collection":[{"href":"https:\/\/pi-titan.com\/en\/wp-json\/wp\/v2\/product"}],"about":[{"href":"https:\/\/pi-titan.com\/en\/wp-json\/wp\/v2\/types\/product"}],"wp:featuredmedia":[{"embeddable":true,"href":"https:\/\/pi-titan.com\/en\/wp-json\/wp\/v2\/media\/4705"}],"wp:attachment":[{"href":"https:\/\/pi-titan.com\/en\/wp-json\/wp\/v2\/media?parent=4704"}],"wp:term":[{"taxonomy":"product_brand","embeddable":true,"href":"https:\/\/pi-titan.com\/en\/wp-json\/wp\/v2\/product_brand?post=4704"},{"taxonomy":"product_cat","embeddable":true,"href":"https:\/\/pi-titan.com\/en\/wp-json\/wp\/v2\/product_cat?post=4704"},{"taxonomy":"product_tag","embeddable":true,"href":"https:\/\/pi-titan.com\/en\/wp-json\/wp\/v2\/product_tag?post=4704"}],"curies":[{"name":"wp","href":"https:\/\/api.w.org\/{rel}","templated":true}]}}