{"id":4678,"date":"2025-11-05T10:35:30","date_gmt":"2025-11-05T15:35:30","guid":{"rendered":"https:\/\/pi-titan.com\/?post_type=product&#038;p=4678"},"modified":"2026-04-02T09:55:37","modified_gmt":"2026-04-02T13:55:37","slug":"collier-de-suspension-robuste-a-etrier","status":"publish","type":"product","link":"https:\/\/pi-titan.com\/en\/product\/collier-de-suspension-robuste-a-etrier\/","title":{"rendered":"Collier de suspension robuste \u00e0 \u00e9trier"},"content":{"rendered":"<p>Collier de suspension robuste \u00e0 \u00e9trier<\/p>\n<ul>\n<li>Electro-galvanized<\/li>\n<li>Mod\u00e8le robuste<\/li>\n<li>Multiple sizes available<\/li>\n<\/ul>","protected":false},"excerpt":{"rendered":"<p>Collier de suspension robuste \u00e0 \u00e9trier \u00c9lectro-galvanis\u00e9 Mod\u00e8le robuste Plusieurs dimensions disponibles<\/p>","protected":false},"featured_media":4844,"template":"","meta":{"_et_pb_use_builder":"","_et_pb_old_content":"","_et_gb_content_width":""},"product_brand":[],"product_cat":[246],"product_tag":[309,146,310,311],"class_list":{"0":"post-4678","1":"product","2":"type-product","3":"status-publish","4":"has-post-thumbnail","6":"product_cat-accessoires-profile-c","7":"product_tag-etrier","8":"product_tag-profileenc","9":"product_tag-robuste","10":"product_tag-suspension","12":"first","13":"instock","14":"taxable","15":"shipping-taxable","16":"purchasable","17":"product-type-variable","18":"add-to-wishlist-after_add_to_cart"},"_links":{"self":[{"href":"https:\/\/pi-titan.com\/en\/wp-json\/wp\/v2\/product\/4678","targetHints":{"allow":["GET"]}}],"collection":[{"href":"https:\/\/pi-titan.com\/en\/wp-json\/wp\/v2\/product"}],"about":[{"href":"https:\/\/pi-titan.com\/en\/wp-json\/wp\/v2\/types\/product"}],"wp:featuredmedia":[{"embeddable":true,"href":"https:\/\/pi-titan.com\/en\/wp-json\/wp\/v2\/media\/4844"}],"wp:attachment":[{"href":"https:\/\/pi-titan.com\/en\/wp-json\/wp\/v2\/media?parent=4678"}],"wp:term":[{"taxonomy":"product_brand","embeddable":true,"href":"https:\/\/pi-titan.com\/en\/wp-json\/wp\/v2\/product_brand?post=4678"},{"taxonomy":"product_cat","embeddable":true,"href":"https:\/\/pi-titan.com\/en\/wp-json\/wp\/v2\/product_cat?post=4678"},{"taxonomy":"product_tag","embeddable":true,"href":"https:\/\/pi-titan.com\/en\/wp-json\/wp\/v2\/product_tag?post=4678"}],"curies":[{"name":"wp","href":"https:\/\/api.w.org\/{rel}","templated":true}]}}