{"id":4659,"date":"2025-11-05T10:36:34","date_gmt":"2025-11-05T15:36:34","guid":{"rendered":"https:\/\/pi-titan.com\/?post_type=product&#038;p=4659"},"modified":"2026-04-28T09:36:07","modified_gmt":"2026-04-28T13:36:07","slug":"rondelle-plate-carree","status":"publish","type":"product","link":"https:\/\/pi-titan.com\/en\/product\/rondelle-plate-carree\/","title":{"rendered":"Rondelle plate carr\u00e9e"},"content":{"rendered":"<p>Rondelle plate carr\u00e9e<\/p>\n<ul>\n<li>Zinc plated<\/li>\n<li>UNC<\/li>\n<li>\u00c9paisseur de 6.35 mm<\/li>\n<li>Multiple sizes available<\/li>\n<\/ul>","protected":false},"excerpt":{"rendered":"<p>Rondelle plate carr\u00e9e Plaqu\u00e9 Zinc UNC \u00c9paisseur de 6.35 mm Plusieurs dimensions disponibles<\/p>","protected":false},"featured_media":5106,"template":"","meta":{"_et_pb_use_builder":"","_et_pb_old_content":"","_et_gb_content_width":""},"product_brand":[],"product_cat":[66],"product_tag":[308,88],"class_list":{"0":"post-4659","1":"product","2":"type-product","3":"status-publish","4":"has-post-thumbnail","6":"product_cat-rondelles","7":"product_tag-carree","8":"product_tag-rondelle","10":"first","11":"instock","12":"taxable","13":"shipping-taxable","14":"purchasable","15":"product-type-variable","16":"add-to-wishlist-after_add_to_cart"},"_links":{"self":[{"href":"https:\/\/pi-titan.com\/en\/wp-json\/wp\/v2\/product\/4659","targetHints":{"allow":["GET"]}}],"collection":[{"href":"https:\/\/pi-titan.com\/en\/wp-json\/wp\/v2\/product"}],"about":[{"href":"https:\/\/pi-titan.com\/en\/wp-json\/wp\/v2\/types\/product"}],"wp:featuredmedia":[{"embeddable":true,"href":"https:\/\/pi-titan.com\/en\/wp-json\/wp\/v2\/media\/5106"}],"wp:attachment":[{"href":"https:\/\/pi-titan.com\/en\/wp-json\/wp\/v2\/media?parent=4659"}],"wp:term":[{"taxonomy":"product_brand","embeddable":true,"href":"https:\/\/pi-titan.com\/en\/wp-json\/wp\/v2\/product_brand?post=4659"},{"taxonomy":"product_cat","embeddable":true,"href":"https:\/\/pi-titan.com\/en\/wp-json\/wp\/v2\/product_cat?post=4659"},{"taxonomy":"product_tag","embeddable":true,"href":"https:\/\/pi-titan.com\/en\/wp-json\/wp\/v2\/product_tag?post=4659"}],"curies":[{"name":"wp","href":"https:\/\/api.w.org\/{rel}","templated":true}]}}