{"id":3366,"date":"2024-10-01T11:29:59","date_gmt":"2024-10-01T15:29:59","guid":{"rendered":"https:\/\/pi-titan.com\/?post_type=product&#038;p=3366"},"modified":"2026-04-02T09:55:38","modified_gmt":"2026-04-02T13:55:38","slug":"profile-en-c-troue-sur-3-faces","status":"publish","type":"product","link":"https:\/\/pi-titan.com\/en\/product\/profile-en-c-troue-sur-3-faces\/","title":{"rendered":"C-Channel Slotted + Side holes"},"content":{"rendered":"<p>C-Channel Slotted + Side holes<\/p>\n<ul>\n<li>Pre-galvanized<\/li>\n<li>12 Gage<\/li>\n<li>Dimension : 1 5\/8&Prime; x 1 5\/8&Prime; x 10&prime;<\/li>\n<\/ul>\n<p>&nbsp;<\/p>\n<p>2 mod\u00e8les offerts :<\/p>\n<ul>\n<li>Avec fentes et trous<\/li>\n<li>Avec trous uniquement<\/li>\n<\/ul>\n<p>&nbsp;<\/p>","protected":false},"excerpt":{"rendered":"<p>Profil\u00e9 en C trou\u00e9 sur 3 faces Profil\u00e9 en acier pr\u00e9 galvanis\u00e9 Calibre 12 Dimension : 1 5\/8&Prime; x 1 5\/8&Prime; x 10&prime; &nbsp; 2 mod\u00e8les offerts : Avec fentes et trous Avec trous uniquement &nbsp;<\/p>","protected":false},"featured_media":4983,"template":"","meta":{"_et_pb_use_builder":"","_et_pb_old_content":"","_et_gb_content_width":""},"product_brand":[],"product_cat":[19],"product_tag":[325,146],"class_list":{"0":"post-3366","1":"product","2":"type-product","3":"status-publish","4":"has-post-thumbnail","6":"product_cat-profile-en-c","7":"product_tag-fentes","8":"product_tag-profileenc","9":"product_shipping_class-ramassage-en-entrepot","11":"first","12":"instock","13":"taxable","14":"shipping-taxable","15":"purchasable","16":"product-type-variable","17":"add-to-wishlist-after_add_to_cart"},"_links":{"self":[{"href":"https:\/\/pi-titan.com\/en\/wp-json\/wp\/v2\/product\/3366","targetHints":{"allow":["GET"]}}],"collection":[{"href":"https:\/\/pi-titan.com\/en\/wp-json\/wp\/v2\/product"}],"about":[{"href":"https:\/\/pi-titan.com\/en\/wp-json\/wp\/v2\/types\/product"}],"wp:featuredmedia":[{"embeddable":true,"href":"https:\/\/pi-titan.com\/en\/wp-json\/wp\/v2\/media\/4983"}],"wp:attachment":[{"href":"https:\/\/pi-titan.com\/en\/wp-json\/wp\/v2\/media?parent=3366"}],"wp:term":[{"taxonomy":"product_brand","embeddable":true,"href":"https:\/\/pi-titan.com\/en\/wp-json\/wp\/v2\/product_brand?post=3366"},{"taxonomy":"product_cat","embeddable":true,"href":"https:\/\/pi-titan.com\/en\/wp-json\/wp\/v2\/product_cat?post=3366"},{"taxonomy":"product_tag","embeddable":true,"href":"https:\/\/pi-titan.com\/en\/wp-json\/wp\/v2\/product_tag?post=3366"}],"curies":[{"name":"wp","href":"https:\/\/api.w.org\/{rel}","templated":true}]}}