{"id":2064,"date":"2024-09-18T15:14:56","date_gmt":"2024-09-18T19:14:56","guid":{"rendered":"https:\/\/pi-titan.com\/?post_type=product&#038;p=2064"},"modified":"2026-04-02T09:55:40","modified_gmt":"2026-04-02T13:55:40","slug":"profile-en-c-dos-a-dos-avec-fentes","status":"publish","type":"product","link":"https:\/\/pi-titan.com\/en\/product\/profile-en-c-dos-a-dos-avec-fentes\/","title":{"rendered":"C-Channel Slotted back to back"},"content":{"rendered":"<p>C-Channel Slotted back to back<\/p>\n<ul>\n<li>Pre-galvanized<\/li>\n<li>Half size slot<\/li>\n<li>12 Gage<\/li>\n<li>Dimension : 1 5\/8\u2033 x 3 1\/4\u2033 x 10\u2032<\/li>\n<\/ul>","protected":false},"excerpt":{"rendered":"<p>Profil\u00e9 en C dos-\u00e0-dos trou\u00e9 Profil\u00e9 en acier pr\u00e9 galvanis\u00e9 Demi fente Calibre 12 Dimension : 1 5\/8&Prime; x 3 1\/4&Prime; x 10&prime;<\/p>","protected":false},"featured_media":4459,"template":"","meta":{"_et_pb_use_builder":"","_et_pb_old_content":"","_et_gb_content_width":""},"product_brand":[],"product_cat":[19],"product_tag":[146],"class_list":{"0":"post-2064","1":"product","2":"type-product","3":"status-publish","4":"has-post-thumbnail","6":"product_cat-profile-en-c","7":"product_tag-profileenc","8":"product_shipping_class-ramassage-en-entrepot","10":"first","11":"onbackorder","12":"taxable","13":"shipping-taxable","14":"purchasable","15":"product-type-simple","16":"add-to-wishlist-after_add_to_cart"},"_links":{"self":[{"href":"https:\/\/pi-titan.com\/en\/wp-json\/wp\/v2\/product\/2064","targetHints":{"allow":["GET"]}}],"collection":[{"href":"https:\/\/pi-titan.com\/en\/wp-json\/wp\/v2\/product"}],"about":[{"href":"https:\/\/pi-titan.com\/en\/wp-json\/wp\/v2\/types\/product"}],"wp:featuredmedia":[{"embeddable":true,"href":"https:\/\/pi-titan.com\/en\/wp-json\/wp\/v2\/media\/4459"}],"wp:attachment":[{"href":"https:\/\/pi-titan.com\/en\/wp-json\/wp\/v2\/media?parent=2064"}],"wp:term":[{"taxonomy":"product_brand","embeddable":true,"href":"https:\/\/pi-titan.com\/en\/wp-json\/wp\/v2\/product_brand?post=2064"},{"taxonomy":"product_cat","embeddable":true,"href":"https:\/\/pi-titan.com\/en\/wp-json\/wp\/v2\/product_cat?post=2064"},{"taxonomy":"product_tag","embeddable":true,"href":"https:\/\/pi-titan.com\/en\/wp-json\/wp\/v2\/product_tag?post=2064"}],"curies":[{"name":"wp","href":"https:\/\/api.w.org\/{rel}","templated":true}]}}