{"id":2002,"date":"2024-09-18T15:04:47","date_gmt":"2024-09-18T19:04:47","guid":{"rendered":"https:\/\/pi-titan.com\/?post_type=product&#038;p=2002"},"modified":"2026-04-02T09:55:41","modified_gmt":"2026-04-02T13:55:41","slug":"moyeu-etanche-a-leau","status":"publish","type":"product","link":"https:\/\/pi-titan.com\/en\/product\/moyeu-etanche-a-leau\/","title":{"rendered":"Moyeu isol\u00e9 \u00e9tanche \u00e0 l&rsquo;eau"},"content":{"rendered":"<p>RIGID &#8211; Moyeu isol\u00e9 \u00e9tanche \u00e0 l&rsquo;eau<\/p>\n<ul>\n<li>Zinc die cast<\/li>\n<li>UL Marking<\/li>\n<li>Insulated<\/li>\n<li>Multiple sizes available<\/li>\n<\/ul>\n<p>&nbsp;<\/p>\n<p><img loading=\"lazy\" decoding=\"async\" class=\"alignnone size-full wp-image-4467\" src=\"https:\/\/pi-titan.com\/wp-content\/uploads\/2024\/12\/C_UL_US-51x33-1.png\" alt=\"\" width=\"51\" height=\"33\" srcset=\"https:\/\/pi-titan.com\/wp-content\/uploads\/2024\/12\/C_UL_US-51x33-1.png 51w, https:\/\/pi-titan.com\/wp-content\/uploads\/2024\/12\/C_UL_US-51x33-1-18x12.png 18w\" sizes=\"(max-width: 51px) 100vw, 51px\" \/><\/p>","protected":false},"excerpt":{"rendered":"<p>RIGID &#8211; Moyeu isol\u00e9 \u00e9tanche \u00e0 l&rsquo;eau Zinc moul\u00e9 sous pression Marquage UL Isol\u00e9 Plusieurs dimensions disponible &nbsp;<\/p>","protected":false},"featured_media":4410,"template":"","meta":{"_et_pb_use_builder":"","_et_pb_old_content":"","_et_gb_content_width":""},"product_brand":[],"product_cat":[90,115],"product_tag":[128,140,298],"class_list":{"0":"post-2002","1":"product","2":"type-product","3":"status-publish","4":"has-post-thumbnail","6":"product_cat-accessoires-emt","7":"product_cat-accessoires-rigide","8":"product_tag-etanche","9":"product_tag-moyeu","10":"product_tag-rigide","11":"product_shipping_class-expedition-tf","13":"first","14":"onbackorder","15":"taxable","16":"shipping-taxable","17":"purchasable","18":"product-type-variable","19":"add-to-wishlist-after_add_to_cart"},"_links":{"self":[{"href":"https:\/\/pi-titan.com\/en\/wp-json\/wp\/v2\/product\/2002","targetHints":{"allow":["GET"]}}],"collection":[{"href":"https:\/\/pi-titan.com\/en\/wp-json\/wp\/v2\/product"}],"about":[{"href":"https:\/\/pi-titan.com\/en\/wp-json\/wp\/v2\/types\/product"}],"wp:featuredmedia":[{"embeddable":true,"href":"https:\/\/pi-titan.com\/en\/wp-json\/wp\/v2\/media\/4410"}],"wp:attachment":[{"href":"https:\/\/pi-titan.com\/en\/wp-json\/wp\/v2\/media?parent=2002"}],"wp:term":[{"taxonomy":"product_brand","embeddable":true,"href":"https:\/\/pi-titan.com\/en\/wp-json\/wp\/v2\/product_brand?post=2002"},{"taxonomy":"product_cat","embeddable":true,"href":"https:\/\/pi-titan.com\/en\/wp-json\/wp\/v2\/product_cat?post=2002"},{"taxonomy":"product_tag","embeddable":true,"href":"https:\/\/pi-titan.com\/en\/wp-json\/wp\/v2\/product_tag?post=2002"}],"curies":[{"name":"wp","href":"https:\/\/api.w.org\/{rel}","templated":true}]}}