{"id":1969,"date":"2024-09-18T14:54:00","date_gmt":"2024-09-18T18:54:00","guid":{"rendered":"https:\/\/pi-titan.com\/?post_type=product&#038;p=1969"},"modified":"2026-04-02T09:55:41","modified_gmt":"2026-04-02T13:55:41","slug":"conduit-en-acier-de-10-avec-bouchon","status":"publish","type":"product","link":"https:\/\/pi-titan.com\/en\/product\/conduit-en-acier-de-10-avec-bouchon\/","title":{"rendered":"Rigid steel conduit 10'"},"content":{"rendered":"<p>RIGID &#8211; Conduit rigide en acier de 10&prime;<\/p>\n<ul>\n<li>Hot dip galvanized<\/li>\n<li>UL6 Marking<\/li>\n<li>Douille filet\u00e9e d&rsquo;un c\u00f4t\u00e9<\/li>\n<li>No welding lines on the inside<\/li>\n<li>threads painted with silver paint to avoid corrosion<\/li>\n<li>Multiple sizes available (All 10' long)<\/li>\n<\/ul>\n<p>&nbsp;<\/p>\n<p><img loading=\"lazy\" decoding=\"async\" class=\"alignnone size-full wp-image-4467\" src=\"https:\/\/pi-titan.com\/wp-content\/uploads\/2024\/12\/C_UL_US-51x33-1.png\" alt=\"\" width=\"51\" height=\"33\" srcset=\"https:\/\/pi-titan.com\/wp-content\/uploads\/2024\/12\/C_UL_US-51x33-1.png 51w, https:\/\/pi-titan.com\/wp-content\/uploads\/2024\/12\/C_UL_US-51x33-1-18x12.png 18w\" sizes=\"(max-width: 51px) 100vw, 51px\" \/><\/p>","protected":false},"excerpt":{"rendered":"<p>RIGID &#8211; Conduit rigide en acier de 10&prime; Galvanisation \u00e0 chaud Marquage UL6 Douille filet\u00e9e d&rsquo;un c\u00f4t\u00e9 Aucune ligne de soudure Filet peint avec de l&rsquo;argent pour emp\u00eacher la corrosion Plusieurs dimensions disponible (Tous long de 10&prime;) &nbsp;<\/p>","protected":false},"featured_media":4478,"template":"","meta":{"_et_pb_use_builder":"","_et_pb_old_content":"","_et_gb_content_width":""},"product_brand":[],"product_cat":[134],"product_tag":[112,133],"class_list":{"0":"post-1969","1":"product","2":"type-product","3":"status-publish","4":"has-post-thumbnail","6":"product_cat-conduit-rigid","7":"product_tag-conduit","8":"product_tag-rigid","9":"product_shipping_class-ramassage-en-entrepot","11":"first","12":"onbackorder","13":"taxable","14":"shipping-taxable","15":"purchasable","16":"product-type-variable","17":"add-to-wishlist-after_add_to_cart"},"_links":{"self":[{"href":"https:\/\/pi-titan.com\/en\/wp-json\/wp\/v2\/product\/1969","targetHints":{"allow":["GET"]}}],"collection":[{"href":"https:\/\/pi-titan.com\/en\/wp-json\/wp\/v2\/product"}],"about":[{"href":"https:\/\/pi-titan.com\/en\/wp-json\/wp\/v2\/types\/product"}],"wp:featuredmedia":[{"embeddable":true,"href":"https:\/\/pi-titan.com\/en\/wp-json\/wp\/v2\/media\/4478"}],"wp:attachment":[{"href":"https:\/\/pi-titan.com\/en\/wp-json\/wp\/v2\/media?parent=1969"}],"wp:term":[{"taxonomy":"product_brand","embeddable":true,"href":"https:\/\/pi-titan.com\/en\/wp-json\/wp\/v2\/product_brand?post=1969"},{"taxonomy":"product_cat","embeddable":true,"href":"https:\/\/pi-titan.com\/en\/wp-json\/wp\/v2\/product_cat?post=1969"},{"taxonomy":"product_tag","embeddable":true,"href":"https:\/\/pi-titan.com\/en\/wp-json\/wp\/v2\/product_tag?post=1969"}],"curies":[{"name":"wp","href":"https:\/\/api.w.org\/{rel}","templated":true}]}}