{"id":1963,"date":"2024-09-18T13:33:58","date_gmt":"2024-09-18T17:33:58","guid":{"rendered":"https:\/\/pi-titan.com\/?post_type=product&#038;p=1963"},"modified":"2026-04-02T09:55:43","modified_gmt":"2026-04-02T13:55:43","slug":"clip-a-profile-en-c","status":"publish","type":"product","link":"https:\/\/pi-titan.com\/en\/product\/clip-a-profile-en-c\/","title":{"rendered":"Strut clamp"},"content":{"rendered":"<p>EMT \/ RIGID Strut clamp<\/p>\n<ul>\n<li>Electro-galvanized<\/li>\n<li>UL &amp; P1 Marking<\/li>\n<li>Assembled with nut &amp; bolt<\/li>\n<li>Multiple sizes available<\/li>\n<\/ul>\n<p>&nbsp;<\/p>\n<p><img loading=\"lazy\" decoding=\"async\" class=\"alignnone size-full wp-image-4467\" src=\"https:\/\/pi-titan.com\/wp-content\/uploads\/2024\/12\/C_UL_US-51x33-1.png\" alt=\"\" width=\"51\" height=\"33\" srcset=\"https:\/\/pi-titan.com\/wp-content\/uploads\/2024\/12\/C_UL_US-51x33-1.png 51w, https:\/\/pi-titan.com\/wp-content\/uploads\/2024\/12\/C_UL_US-51x33-1-18x12.png 18w\" sizes=\"(max-width: 51px) 100vw, 51px\" \/><\/p>","protected":false},"excerpt":{"rendered":"<p>EMT \/ RIGID &#8211; Clip \u00e0 profil\u00e9 en C \u00c9lectro-galvanis\u00e9 Marquage UL &amp; P1 Assembl\u00e9 avec noix et boulon Plusieurs dimensions disponible &nbsp;<\/p>","protected":false},"featured_media":4492,"template":"","meta":{"_et_pb_use_builder":"","_et_pb_old_content":"","_et_gb_content_width":""},"product_brand":[],"product_cat":[246],"product_tag":[295],"class_list":{"0":"post-1963","1":"product","2":"type-product","3":"status-publish","4":"has-post-thumbnail","6":"product_cat-accessoires-profile-c","7":"product_tag-clip","8":"product_shipping_class-expedition-tf","10":"first","11":"onbackorder","12":"taxable","13":"shipping-taxable","14":"purchasable","15":"product-type-variable","16":"add-to-wishlist-after_add_to_cart"},"_links":{"self":[{"href":"https:\/\/pi-titan.com\/en\/wp-json\/wp\/v2\/product\/1963","targetHints":{"allow":["GET"]}}],"collection":[{"href":"https:\/\/pi-titan.com\/en\/wp-json\/wp\/v2\/product"}],"about":[{"href":"https:\/\/pi-titan.com\/en\/wp-json\/wp\/v2\/types\/product"}],"wp:featuredmedia":[{"embeddable":true,"href":"https:\/\/pi-titan.com\/en\/wp-json\/wp\/v2\/media\/4492"}],"wp:attachment":[{"href":"https:\/\/pi-titan.com\/en\/wp-json\/wp\/v2\/media?parent=1963"}],"wp:term":[{"taxonomy":"product_brand","embeddable":true,"href":"https:\/\/pi-titan.com\/en\/wp-json\/wp\/v2\/product_brand?post=1963"},{"taxonomy":"product_cat","embeddable":true,"href":"https:\/\/pi-titan.com\/en\/wp-json\/wp\/v2\/product_cat?post=1963"},{"taxonomy":"product_tag","embeddable":true,"href":"https:\/\/pi-titan.com\/en\/wp-json\/wp\/v2\/product_tag?post=1963"}],"curies":[{"name":"wp","href":"https:\/\/api.w.org\/{rel}","templated":true}]}}