{"id":1960,"date":"2024-09-18T14:49:57","date_gmt":"2024-09-18T18:49:57","guid":{"rendered":"https:\/\/pi-titan.com\/?post_type=product&#038;p=1960"},"modified":"2026-04-02T09:55:41","modified_gmt":"2026-04-02T13:55:41","slug":"connecteur-etanche-en-angle-de-90","status":"publish","type":"product","link":"https:\/\/pi-titan.com\/en\/product\/connecteur-etanche-en-angle-de-90\/","title":{"rendered":"Connecteur isol\u00e9 de serrage \u00e9tanche en 90 degr\u00e9"},"content":{"rendered":"<p>FLEX &#8211; Connecteur isol\u00e9 en angle de 90 \u00b0<\/p>\n<ul>\n<li>Zinc die cast<\/li>\n<li>UL &amp; S1 Marking<\/li>\n<li>Insulated<\/li>\n<li>Multiple sizes available<\/li>\n<\/ul>\n<p>&nbsp;<\/p>\n<p><img loading=\"lazy\" decoding=\"async\" class=\"alignnone size-full wp-image-4467\" src=\"https:\/\/pi-titan.com\/wp-content\/uploads\/2024\/12\/C_UL_US-51x33-1.png\" alt=\"\" width=\"51\" height=\"33\" srcset=\"https:\/\/pi-titan.com\/wp-content\/uploads\/2024\/12\/C_UL_US-51x33-1.png 51w, https:\/\/pi-titan.com\/wp-content\/uploads\/2024\/12\/C_UL_US-51x33-1-18x12.png 18w\" sizes=\"(max-width: 51px) 100vw, 51px\" \/><\/p>","protected":false},"excerpt":{"rendered":"<p>FLEX &#8211; Connecteur isol\u00e9 en angle de 90 \u00b0 Moul\u00e9 sous pression en zinc Marquage UL &amp; S1 Isol\u00e9 Plusieurs dimensions disponible &nbsp;<\/p>","protected":false},"featured_media":4460,"template":"","meta":{"_et_pb_use_builder":"","_et_pb_old_content":"","_et_gb_content_width":""},"product_brand":[],"product_cat":[317],"product_tag":[118,81,128,125],"class_list":{"0":"post-1960","1":"product","2":"type-product","3":"status-publish","4":"has-post-thumbnail","6":"product_cat-accessoires-flex","7":"product_tag-118","8":"product_tag-connecteur","9":"product_tag-etanche","10":"product_tag-flex","11":"product_shipping_class-expedition-tf","13":"first","14":"onbackorder","15":"taxable","16":"shipping-taxable","17":"purchasable","18":"product-type-variable","19":"add-to-wishlist-after_add_to_cart"},"_links":{"self":[{"href":"https:\/\/pi-titan.com\/en\/wp-json\/wp\/v2\/product\/1960","targetHints":{"allow":["GET"]}}],"collection":[{"href":"https:\/\/pi-titan.com\/en\/wp-json\/wp\/v2\/product"}],"about":[{"href":"https:\/\/pi-titan.com\/en\/wp-json\/wp\/v2\/types\/product"}],"wp:featuredmedia":[{"embeddable":true,"href":"https:\/\/pi-titan.com\/en\/wp-json\/wp\/v2\/media\/4460"}],"wp:attachment":[{"href":"https:\/\/pi-titan.com\/en\/wp-json\/wp\/v2\/media?parent=1960"}],"wp:term":[{"taxonomy":"product_brand","embeddable":true,"href":"https:\/\/pi-titan.com\/en\/wp-json\/wp\/v2\/product_brand?post=1960"},{"taxonomy":"product_cat","embeddable":true,"href":"https:\/\/pi-titan.com\/en\/wp-json\/wp\/v2\/product_cat?post=1960"},{"taxonomy":"product_tag","embeddable":true,"href":"https:\/\/pi-titan.com\/en\/wp-json\/wp\/v2\/product_tag?post=1960"}],"curies":[{"name":"wp","href":"https:\/\/api.w.org\/{rel}","templated":true}]}}