{"id":1939,"date":"2024-09-18T14:34:38","date_gmt":"2024-09-18T18:34:38","guid":{"rendered":"https:\/\/pi-titan.com\/?post_type=product&#038;p=1939"},"modified":"2026-04-02T09:55:42","modified_gmt":"2026-04-02T13:55:42","slug":"bride-de-fixation-1-trou","status":"publish","type":"product","link":"https:\/\/pi-titan.com\/en\/product\/bride-de-fixation-1-trou\/","title":{"rendered":"Strap (1 Hole)"},"content":{"rendered":"<p>EMT \/ RIGID &#8211; Bride de fixation (1 trou)<\/p>\n<ul>\n<li>Electro-galvanized<\/li>\n<li>UL &amp; T1 Marking<\/li>\n<li>Thickness : 1.5mm<\/li>\n<li>Multiple sizes available<\/li>\n<\/ul>\n<p><img loading=\"lazy\" decoding=\"async\" class=\"alignnone wp-image-2282\" src=\"https:\/\/pi-titan.com\/wp-content\/uploads\/2023\/02\/C_UL_US-254x161-1.png\" alt=\"\" width=\"54\" height=\"34\" srcset=\"https:\/\/pi-titan.com\/wp-content\/uploads\/2023\/02\/C_UL_US-254x161-1.png 254w, https:\/\/pi-titan.com\/wp-content\/uploads\/2023\/02\/C_UL_US-254x161-1-150x95.png 150w, https:\/\/pi-titan.com\/wp-content\/uploads\/2023\/02\/C_UL_US-254x161-1-200x127.png 200w, https:\/\/pi-titan.com\/wp-content\/uploads\/2023\/02\/C_UL_US-254x161-1-18x12.png 18w\" sizes=\"(max-width: 54px) 100vw, 54px\" \/><\/p>","protected":false},"excerpt":{"rendered":"<p>EMT \/ RIGID &#8211; Bride de fixation (1 trou) \u00c9lectro-galvanis\u00e9 Marquage UL &amp; T1 \u00c9paisseur : 1.5mm Plusieurs dimensions disponible<\/p>","protected":false},"featured_media":4418,"template":"","meta":{"_et_pb_use_builder":"off","_et_pb_old_content":"EMT \/ RIGID - Bride de fixation (1 trou)\r\n<ul>\r\n \t<li>\u00c9lectro-galvanis\u00e9<\/li>\r\n \t<li>Marquage UL & T1<\/li>\r\n \t<li>\u00c9paisseur : 1.5mm<\/li>\r\n \t<li>Plusieurs dimensions disponible<\/li>\r\n<\/ul>\r\n\u00a0\r\n\r\n<img class=\"alignnone size-full wp-image-2300\" src=\"https:\/\/pi-titan.com\/wp-content\/uploads\/2023\/02\/C_UL_US-51x33-1.png\" alt=\"\" width=\"51\" height=\"33\" \/>","_et_gb_content_width":""},"product_brand":[],"product_cat":[90,115],"product_tag":[111,122],"class_list":{"0":"post-1939","1":"product","2":"type-product","3":"status-publish","4":"has-post-thumbnail","6":"product_cat-accessoires-emt","7":"product_cat-accessoires-rigide","8":"product_tag-emt","9":"product_tag-sangle","10":"product_shipping_class-expedition-tf","12":"first","13":"onbackorder","14":"taxable","15":"shipping-taxable","16":"purchasable","17":"product-type-variable","18":"add-to-wishlist-after_add_to_cart"},"_links":{"self":[{"href":"https:\/\/pi-titan.com\/en\/wp-json\/wp\/v2\/product\/1939","targetHints":{"allow":["GET"]}}],"collection":[{"href":"https:\/\/pi-titan.com\/en\/wp-json\/wp\/v2\/product"}],"about":[{"href":"https:\/\/pi-titan.com\/en\/wp-json\/wp\/v2\/types\/product"}],"wp:featuredmedia":[{"embeddable":true,"href":"https:\/\/pi-titan.com\/en\/wp-json\/wp\/v2\/media\/4418"}],"wp:attachment":[{"href":"https:\/\/pi-titan.com\/en\/wp-json\/wp\/v2\/media?parent=1939"}],"wp:term":[{"taxonomy":"product_brand","embeddable":true,"href":"https:\/\/pi-titan.com\/en\/wp-json\/wp\/v2\/product_brand?post=1939"},{"taxonomy":"product_cat","embeddable":true,"href":"https:\/\/pi-titan.com\/en\/wp-json\/wp\/v2\/product_cat?post=1939"},{"taxonomy":"product_tag","embeddable":true,"href":"https:\/\/pi-titan.com\/en\/wp-json\/wp\/v2\/product_tag?post=1939"}],"curies":[{"name":"wp","href":"https:\/\/api.w.org\/{rel}","templated":true}]}}