{"id":1913,"date":"2024-09-18T14:22:20","date_gmt":"2024-09-18T18:22:20","guid":{"rendered":"https:\/\/pi-titan.com\/?post_type=product&#038;p=1913"},"modified":"2026-04-02T09:55:42","modified_gmt":"2026-04-02T13:55:42","slug":"manchon-reducteur-filete","status":"publish","type":"product","link":"https:\/\/pi-titan.com\/en\/product\/manchon-reducteur-filete\/","title":{"rendered":"Threaded reducer"},"content":{"rendered":"<p>Threaded reducer - Black finish<\/p>\n<ul>\n<li>Threaded<\/li>\n<li>ANSI\/ASME<\/li>\n<li>ISO 7-1<\/li>\n<li>ISO 228<\/li>\n<li>CLASS 150 \/ PN25<\/li>\n<li>DIN 2999<\/li>\n<li>FM \/ UL \/ CE<\/li>\n<li>Working pressure : 363 PSI<\/li>\n<li>Multiple sizes available<\/li>\n<\/ul>\n<p>&nbsp;<\/p>\n<p><img loading=\"lazy\" decoding=\"async\" class=\"alignnone size-full wp-image-4467\" src=\"https:\/\/pi-titan.com\/wp-content\/uploads\/2024\/12\/C_UL_US-51x33-1.png\" alt=\"\" width=\"51\" height=\"33\" srcset=\"https:\/\/pi-titan.com\/wp-content\/uploads\/2024\/12\/C_UL_US-51x33-1.png 51w, https:\/\/pi-titan.com\/wp-content\/uploads\/2024\/12\/C_UL_US-51x33-1-18x12.png 18w\" sizes=\"(max-width: 51px) 100vw, 51px\" \/>\u00a0<img loading=\"lazy\" decoding=\"async\" class=\"alignnone size-full wp-image-2304\" src=\"https:\/\/pi-titan.com\/wp-content\/uploads\/2023\/02\/FM-51x33-1.png\" alt=\"\" width=\"51\" height=\"33\" srcset=\"https:\/\/pi-titan.com\/wp-content\/uploads\/2023\/02\/FM-51x33-1.png 51w, https:\/\/pi-titan.com\/wp-content\/uploads\/2023\/02\/FM-51x33-1-18x12.png 18w\" sizes=\"(max-width: 51px) 100vw, 51px\" \/><img loading=\"lazy\" decoding=\"async\" class=\"alignnone size-full wp-image-2302\" src=\"https:\/\/pi-titan.com\/wp-content\/uploads\/2023\/02\/CE-51x33-1.png\" alt=\"\" width=\"51\" height=\"33\" srcset=\"https:\/\/pi-titan.com\/wp-content\/uploads\/2023\/02\/CE-51x33-1.png 51w, https:\/\/pi-titan.com\/wp-content\/uploads\/2023\/02\/CE-51x33-1-18x12.png 18w\" sizes=\"(max-width: 51px) 100vw, 51px\" \/><img loading=\"lazy\" decoding=\"async\" class=\"alignnone size-full wp-image-2294\" src=\"https:\/\/pi-titan.com\/wp-content\/uploads\/2023\/02\/ASME-Black-51x33-1.png\" alt=\"\" width=\"51\" height=\"33\" srcset=\"https:\/\/pi-titan.com\/wp-content\/uploads\/2023\/02\/ASME-Black-51x33-1.png 51w, https:\/\/pi-titan.com\/wp-content\/uploads\/2023\/02\/ASME-Black-51x33-1-18x12.png 18w\" sizes=\"(max-width: 51px) 100vw, 51px\" \/>\u00a0<img loading=\"lazy\" decoding=\"async\" class=\"alignnone size-full wp-image-2290\" src=\"https:\/\/pi-titan.com\/wp-content\/uploads\/2023\/02\/ANSI-51x33-1.png\" alt=\"\" width=\"51\" height=\"33\" srcset=\"https:\/\/pi-titan.com\/wp-content\/uploads\/2023\/02\/ANSI-51x33-1.png 51w, https:\/\/pi-titan.com\/wp-content\/uploads\/2023\/02\/ANSI-51x33-1-18x12.png 18w\" sizes=\"(max-width: 51px) 100vw, 51px\" \/> <img loading=\"lazy\" decoding=\"async\" class=\"alignnone size-full wp-image-2306\" src=\"https:\/\/pi-titan.com\/wp-content\/uploads\/2023\/02\/ISO-51x33-1.png\" alt=\"\" width=\"51\" height=\"33\" srcset=\"https:\/\/pi-titan.com\/wp-content\/uploads\/2023\/02\/ISO-51x33-1.png 51w, https:\/\/pi-titan.com\/wp-content\/uploads\/2023\/02\/ISO-51x33-1-18x12.png 18w\" sizes=\"(max-width: 51px) 100vw, 51px\" \/><\/p>\n<p>&nbsp;<\/p>","protected":false},"excerpt":{"rendered":"<p>Manchon r\u00e9ducteur filet\u00e9 &#8211; Mall\u00e9able finition noire Collet int\u00e9rieur filet\u00e9 ANSI\/ASME ISO 7-1 ISO 228 CLASS 150 \/ PN25 DIN 2999 FM \/ UL \/ CE Pression de travail : 363 PSI Plusieurs dimensions disponible &nbsp; \u00a0\u00a0 &nbsp;<\/p>","protected":false},"featured_media":4449,"template":"","meta":{"_et_pb_use_builder":"","_et_pb_old_content":"","_et_gb_content_width":""},"product_brand":[],"product_cat":[114],"product_tag":[116,119],"class_list":{"0":"post-1913","1":"product","2":"type-product","3":"status-publish","4":"has-post-thumbnail","6":"product_cat-malleable","7":"product_tag-malleable","8":"product_tag-reducteur","9":"product_shipping_class-expedition-tf","11":"first","12":"onbackorder","13":"taxable","14":"shipping-taxable","15":"purchasable","16":"product-type-variable","17":"add-to-wishlist-after_add_to_cart"},"_links":{"self":[{"href":"https:\/\/pi-titan.com\/en\/wp-json\/wp\/v2\/product\/1913","targetHints":{"allow":["GET"]}}],"collection":[{"href":"https:\/\/pi-titan.com\/en\/wp-json\/wp\/v2\/product"}],"about":[{"href":"https:\/\/pi-titan.com\/en\/wp-json\/wp\/v2\/types\/product"}],"wp:featuredmedia":[{"embeddable":true,"href":"https:\/\/pi-titan.com\/en\/wp-json\/wp\/v2\/media\/4449"}],"wp:attachment":[{"href":"https:\/\/pi-titan.com\/en\/wp-json\/wp\/v2\/media?parent=1913"}],"wp:term":[{"taxonomy":"product_brand","embeddable":true,"href":"https:\/\/pi-titan.com\/en\/wp-json\/wp\/v2\/product_brand?post=1913"},{"taxonomy":"product_cat","embeddable":true,"href":"https:\/\/pi-titan.com\/en\/wp-json\/wp\/v2\/product_cat?post=1913"},{"taxonomy":"product_tag","embeddable":true,"href":"https:\/\/pi-titan.com\/en\/wp-json\/wp\/v2\/product_tag?post=1913"}],"curies":[{"name":"wp","href":"https:\/\/api.w.org\/{rel}","templated":true}]}}