{"id":1887,"date":"2024-09-18T13:36:53","date_gmt":"2024-09-18T17:36:53","guid":{"rendered":"https:\/\/pi-titan.com\/?post_type=product&#038;p=1887"},"modified":"2026-04-02T09:55:43","modified_gmt":"2026-04-02T13:55:43","slug":"conduit-metalique-emt","status":"publish","type":"product","link":"https:\/\/pi-titan.com\/en\/product\/conduit-metalique-emt\/","title":{"rendered":"EMT Steel conduit 10'"},"content":{"rendered":"<p>EMT Steel conduit 10'<\/p>\n<ul>\n<li>Zinc plated (Inside &amp; outside)<\/li>\n<li>Hot dip Galvanized<\/li>\n<li>UL 797<\/li>\n<li>Multiple sizes available (All 10' long)<\/li>\n<\/ul>\n<p>&nbsp;<\/p>\n<p><img loading=\"lazy\" decoding=\"async\" class=\"alignnone size-full wp-image-4467\" src=\"https:\/\/pi-titan.com\/wp-content\/uploads\/2024\/12\/C_UL_US-51x33-1.png\" alt=\"\" width=\"51\" height=\"33\" srcset=\"https:\/\/pi-titan.com\/wp-content\/uploads\/2024\/12\/C_UL_US-51x33-1.png 51w, https:\/\/pi-titan.com\/wp-content\/uploads\/2024\/12\/C_UL_US-51x33-1-18x12.png 18w\" sizes=\"(max-width: 51px) 100vw, 51px\" \/><\/p>","protected":false},"excerpt":{"rendered":"<p>EMT &#8211; Conduit M\u00e9talique de 10&prime; Plaqu\u00e9 zinc int\u00e9rieur\/ext\u00e9rieur Galvanis\u00e9 \u00e0 chaud UL 797 Plusieurs dimensions disponibles. (Tous 10&prime; de long) &nbsp;<\/p>","protected":false},"featured_media":4477,"template":"","meta":{"_et_pb_use_builder":"","_et_pb_old_content":"","_et_gb_content_width":""},"product_brand":[],"product_cat":[94],"product_tag":[112,111],"class_list":{"0":"post-1887","1":"product","2":"type-product","3":"status-publish","4":"has-post-thumbnail","6":"product_cat-conduit-emt","7":"product_tag-conduit","8":"product_tag-emt","9":"product_shipping_class-ramassage-en-entrepot","11":"first","12":"onbackorder","13":"taxable","14":"shipping-taxable","15":"purchasable","16":"product-type-variable","17":"add-to-wishlist-after_add_to_cart"},"_links":{"self":[{"href":"https:\/\/pi-titan.com\/en\/wp-json\/wp\/v2\/product\/1887","targetHints":{"allow":["GET"]}}],"collection":[{"href":"https:\/\/pi-titan.com\/en\/wp-json\/wp\/v2\/product"}],"about":[{"href":"https:\/\/pi-titan.com\/en\/wp-json\/wp\/v2\/types\/product"}],"wp:featuredmedia":[{"embeddable":true,"href":"https:\/\/pi-titan.com\/en\/wp-json\/wp\/v2\/media\/4477"}],"wp:attachment":[{"href":"https:\/\/pi-titan.com\/en\/wp-json\/wp\/v2\/media?parent=1887"}],"wp:term":[{"taxonomy":"product_brand","embeddable":true,"href":"https:\/\/pi-titan.com\/en\/wp-json\/wp\/v2\/product_brand?post=1887"},{"taxonomy":"product_cat","embeddable":true,"href":"https:\/\/pi-titan.com\/en\/wp-json\/wp\/v2\/product_cat?post=1887"},{"taxonomy":"product_tag","embeddable":true,"href":"https:\/\/pi-titan.com\/en\/wp-json\/wp\/v2\/product_tag?post=1887"}],"curies":[{"name":"wp","href":"https:\/\/api.w.org\/{rel}","templated":true}]}}