{"id":1809,"date":"2024-08-27T09:58:06","date_gmt":"2024-08-27T13:58:06","guid":{"rendered":"https:\/\/pi-titan.com\/?post_type=product&#038;p=1809"},"modified":"2026-04-28T11:01:38","modified_gmt":"2026-04-28T15:01:38","slug":"ecrou-ressort-14","status":"publish","type":"product","link":"https:\/\/pi-titan.com\/en\/product\/ecrou-ressort-14\/","title":{"rendered":"Spring nut 1\/4"},"content":{"rendered":"<p>Spring nut 1\/4<\/p>\n<ul>\n<li>Zinc Plated<\/li>\n<li>Individually packaged in the box<\/li>\n<\/ul>","protected":false},"excerpt":{"rendered":"<p>\u00c9crou \u00e0 ressort 1\/4 Plaqu\u00e9 zinc Emball\u00e9s individuellement pour \u00e9viter qu&rsquo;ils s&rsquo;entrem\u00ealent<\/p>","protected":false},"featured_media":5136,"template":"","meta":{"_et_pb_use_builder":"","_et_pb_old_content":"","_et_gb_content_width":""},"product_brand":[],"product_cat":[246],"product_tag":[89],"class_list":{"0":"post-1809","1":"product","2":"type-product","3":"status-publish","4":"has-post-thumbnail","6":"product_cat-accessoires-profile-c","7":"product_tag-ressort","8":"product_shipping_class-expedition-tf","10":"first","11":"instock","12":"taxable","13":"shipping-taxable","14":"purchasable","15":"product-type-simple","16":"add-to-wishlist-after_add_to_cart"},"_links":{"self":[{"href":"https:\/\/pi-titan.com\/en\/wp-json\/wp\/v2\/product\/1809","targetHints":{"allow":["GET"]}}],"collection":[{"href":"https:\/\/pi-titan.com\/en\/wp-json\/wp\/v2\/product"}],"about":[{"href":"https:\/\/pi-titan.com\/en\/wp-json\/wp\/v2\/types\/product"}],"wp:featuredmedia":[{"embeddable":true,"href":"https:\/\/pi-titan.com\/en\/wp-json\/wp\/v2\/media\/5136"}],"wp:attachment":[{"href":"https:\/\/pi-titan.com\/en\/wp-json\/wp\/v2\/media?parent=1809"}],"wp:term":[{"taxonomy":"product_brand","embeddable":true,"href":"https:\/\/pi-titan.com\/en\/wp-json\/wp\/v2\/product_brand?post=1809"},{"taxonomy":"product_cat","embeddable":true,"href":"https:\/\/pi-titan.com\/en\/wp-json\/wp\/v2\/product_cat?post=1809"},{"taxonomy":"product_tag","embeddable":true,"href":"https:\/\/pi-titan.com\/en\/wp-json\/wp\/v2\/product_tag?post=1809"}],"curies":[{"name":"wp","href":"https:\/\/api.w.org\/{rel}","templated":true}]}}