{"id":1797,"date":"2024-09-18T15:17:24","date_gmt":"2024-09-18T19:17:24","guid":{"rendered":"https:\/\/pi-titan.com\/?post_type=product&#038;p=1797"},"modified":"2026-04-02T09:55:40","modified_gmt":"2026-04-02T13:55:40","slug":"pied-de-support-pour-profile-en-c-10-trous","status":"publish","type":"product","link":"https:\/\/pi-titan.com\/en\/product\/pied-de-support-pour-profile-en-c-10-trous\/","title":{"rendered":"10 Holes square post base"},"content":{"rendered":"<p>10 Holes square post base<\/p>\n<ul>\n<li>Zinc Plated<\/li>\n<li>Thickness : 6mm<\/li>\n<li>Dimension : 6&Prime; x 6&Prime; x 3 1\/2&Prime;<\/li>\n<\/ul>","protected":false},"excerpt":{"rendered":"<p>Pied de support pour profil\u00e9 en C (10 trous) Plaqu\u00e9 zinc \u00c9paisseur : 6mm Dimension : 6&Prime; x 6&Prime; x 3 1\/2&Prime;<\/p>","protected":false},"featured_media":4428,"template":"","meta":{"_et_pb_use_builder":"","_et_pb_old_content":"","_et_gb_content_width":""},"product_brand":[],"product_cat":[246],"product_tag":[85],"class_list":{"0":"post-1797","1":"product","2":"type-product","3":"status-publish","4":"has-post-thumbnail","6":"product_cat-accessoires-profile-c","7":"product_tag-pied-support","8":"product_shipping_class-expedition-tf","10":"first","11":"instock","12":"taxable","13":"shipping-taxable","14":"purchasable","15":"product-type-simple","16":"add-to-wishlist-after_add_to_cart"},"_links":{"self":[{"href":"https:\/\/pi-titan.com\/en\/wp-json\/wp\/v2\/product\/1797","targetHints":{"allow":["GET"]}}],"collection":[{"href":"https:\/\/pi-titan.com\/en\/wp-json\/wp\/v2\/product"}],"about":[{"href":"https:\/\/pi-titan.com\/en\/wp-json\/wp\/v2\/types\/product"}],"wp:featuredmedia":[{"embeddable":true,"href":"https:\/\/pi-titan.com\/en\/wp-json\/wp\/v2\/media\/4428"}],"wp:attachment":[{"href":"https:\/\/pi-titan.com\/en\/wp-json\/wp\/v2\/media?parent=1797"}],"wp:term":[{"taxonomy":"product_brand","embeddable":true,"href":"https:\/\/pi-titan.com\/en\/wp-json\/wp\/v2\/product_brand?post=1797"},{"taxonomy":"product_cat","embeddable":true,"href":"https:\/\/pi-titan.com\/en\/wp-json\/wp\/v2\/product_cat?post=1797"},{"taxonomy":"product_tag","embeddable":true,"href":"https:\/\/pi-titan.com\/en\/wp-json\/wp\/v2\/product_tag?post=1797"}],"curies":[{"name":"wp","href":"https:\/\/api.w.org\/{rel}","templated":true}]}}