{"id":1784,"date":"2024-09-18T15:39:56","date_gmt":"2024-09-18T19:39:56","guid":{"rendered":"https:\/\/pi-titan.com\/?post_type=product&#038;p=1784"},"modified":"2026-04-28T10:40:41","modified_gmt":"2026-04-28T14:40:41","slug":"equerre-a-4-trous","status":"publish","type":"product","link":"https:\/\/pi-titan.com\/en\/product\/equerre-a-4-trous\/","title":{"rendered":"4 Holes corner angle plate"},"content":{"rendered":"<p>\u00c9querre &#8211; 4 trous<\/p>\n<ul>\n<li>Zinc Plated<\/li>\n<li>Thickness : 6mm<\/li>\n<li>Dimension : 3 1\/2&Prime; x 4 1\/8&Prime;<\/li>\n<\/ul>","protected":false},"excerpt":{"rendered":"<p>\u00c9querre &#8211; 4 trous Plaqu\u00e9 zinc \u00c9paisseur : 6mm Dimension : 3 1\/2&Prime; x 4 1\/8&Prime;<\/p>","protected":false},"featured_media":5127,"template":"","meta":{"_et_pb_use_builder":"","_et_pb_old_content":"","_et_gb_content_width":""},"product_brand":[],"product_cat":[246],"product_tag":[78],"class_list":{"0":"post-1784","1":"product","2":"type-product","3":"status-publish","4":"has-post-thumbnail","6":"product_cat-accessoires-profile-c","7":"product_tag-equerre","8":"product_shipping_class-expedition-tf","10":"first","11":"instock","12":"taxable","13":"shipping-taxable","14":"purchasable","15":"product-type-simple","16":"add-to-wishlist-after_add_to_cart"},"_links":{"self":[{"href":"https:\/\/pi-titan.com\/en\/wp-json\/wp\/v2\/product\/1784","targetHints":{"allow":["GET"]}}],"collection":[{"href":"https:\/\/pi-titan.com\/en\/wp-json\/wp\/v2\/product"}],"about":[{"href":"https:\/\/pi-titan.com\/en\/wp-json\/wp\/v2\/types\/product"}],"wp:featuredmedia":[{"embeddable":true,"href":"https:\/\/pi-titan.com\/en\/wp-json\/wp\/v2\/media\/5127"}],"wp:attachment":[{"href":"https:\/\/pi-titan.com\/en\/wp-json\/wp\/v2\/media?parent=1784"}],"wp:term":[{"taxonomy":"product_brand","embeddable":true,"href":"https:\/\/pi-titan.com\/en\/wp-json\/wp\/v2\/product_brand?post=1784"},{"taxonomy":"product_cat","embeddable":true,"href":"https:\/\/pi-titan.com\/en\/wp-json\/wp\/v2\/product_cat?post=1784"},{"taxonomy":"product_tag","embeddable":true,"href":"https:\/\/pi-titan.com\/en\/wp-json\/wp\/v2\/product_tag?post=1784"}],"curies":[{"name":"wp","href":"https:\/\/api.w.org\/{rel}","templated":true}]}}