{"id":1783,"date":"2024-09-18T15:41:01","date_gmt":"2024-09-18T19:41:01","guid":{"rendered":"https:\/\/pi-titan.com\/?post_type=product&#038;p=1783"},"modified":"2026-04-28T10:30:04","modified_gmt":"2026-04-28T14:30:04","slug":"equerre-a-3-trous","status":"publish","type":"product","link":"https:\/\/pi-titan.com\/en\/product\/equerre-a-3-trous\/","title":{"rendered":"3 Holes corner angle plate"},"content":{"rendered":"<p>3 Holes corner angle plate<\/p>\n<ul>\n<li>Zinc Plated<\/li>\n<li>Thickness : 6mm<\/li>\n<li>Dimension : 1 7\/8\u2033 x 3 7\/8\u2033<\/li>\n<\/ul>","protected":false},"excerpt":{"rendered":"<p>\u00c9querre &#8211; 3 trous Plaqu\u00e9 zinc \u00c9paisseur : 6mm Dimension : 1 7\/8&Prime; x 3 7\/8&Prime;<\/p>","protected":false},"featured_media":5121,"template":"","meta":{"_et_pb_use_builder":"","_et_pb_old_content":"","_et_gb_content_width":""},"product_brand":[],"product_cat":[246],"product_tag":[78],"class_list":{"0":"post-1783","1":"product","2":"type-product","3":"status-publish","4":"has-post-thumbnail","6":"product_cat-accessoires-profile-c","7":"product_tag-equerre","8":"product_shipping_class-expedition-tf","10":"first","11":"instock","12":"taxable","13":"shipping-taxable","14":"purchasable","15":"product-type-simple","16":"add-to-wishlist-after_add_to_cart"},"_links":{"self":[{"href":"https:\/\/pi-titan.com\/en\/wp-json\/wp\/v2\/product\/1783","targetHints":{"allow":["GET"]}}],"collection":[{"href":"https:\/\/pi-titan.com\/en\/wp-json\/wp\/v2\/product"}],"about":[{"href":"https:\/\/pi-titan.com\/en\/wp-json\/wp\/v2\/types\/product"}],"wp:featuredmedia":[{"embeddable":true,"href":"https:\/\/pi-titan.com\/en\/wp-json\/wp\/v2\/media\/5121"}],"wp:attachment":[{"href":"https:\/\/pi-titan.com\/en\/wp-json\/wp\/v2\/media?parent=1783"}],"wp:term":[{"taxonomy":"product_brand","embeddable":true,"href":"https:\/\/pi-titan.com\/en\/wp-json\/wp\/v2\/product_brand?post=1783"},{"taxonomy":"product_cat","embeddable":true,"href":"https:\/\/pi-titan.com\/en\/wp-json\/wp\/v2\/product_cat?post=1783"},{"taxonomy":"product_tag","embeddable":true,"href":"https:\/\/pi-titan.com\/en\/wp-json\/wp\/v2\/product_tag?post=1783"}],"curies":[{"name":"wp","href":"https:\/\/api.w.org\/{rel}","templated":true}]}}