{"id":1150,"date":"2023-02-21T18:26:38","date_gmt":"2023-02-21T18:26:38","guid":{"rendered":"https:\/\/pi-titan.com\/?post_type=product&#038;p=1150"},"modified":"2026-04-02T09:55:46","modified_gmt":"2026-04-02T13:55:46","slug":"te-mecanique-boulon-en-u","status":"publish","type":"product","link":"https:\/\/pi-titan.com\/en\/product\/te-mecanique-boulon-en-u\/","title":{"rendered":"U-Bolted threaded tee"},"content":{"rendered":"<p>The JUNT grooved piping system is one of the most advanced, versatile, cost-effective, and reliable systems available today.<\/p>\n<ul>\n<li>Fonte ductile ASTM A536 GRADE 65-45-12<\/li>\n<li>FM, UL, CE, IOS, CUL<\/li>\n<li>Caoutchouc EPDM<\/li>\n<li>Finition Orange RAL-2000, Galvanis\u00e9<\/li>\n<\/ul>\n<p>&nbsp;<\/p>\n<p data-start=\"810\" data-end=\"913\">D\u00e9couvrez notre gamme compl\u00e8te de joints d\u2019\u00e9tanch\u00e9it\u00e9 con\u00e7us pour assurer performance et durabilit\u00e9 :<\/p>\n<ul data-start=\"921\" data-end=\"1082\">\n<li data-start=\"921\" data-end=\"969\">\n<p data-start=\"923\" data-end=\"969\">EPDM \u2013 excellente r\u00e9sistance aux intemp\u00e9ries<\/p>\n<\/li>\n<li data-start=\"972\" data-end=\"1021\">\n<p data-start=\"974\" data-end=\"1021\">Nitrile \u2013 id\u00e9al pour les huiles et carburants<\/p>\n<\/li>\n<li data-start=\"1024\" data-end=\"1077\">\n<p data-start=\"1026\" data-end=\"1077\">Silicone \u2013 parfait pour les temp\u00e9ratures extr\u00eames<\/p>\n<\/li>\n<\/ul>\n<p data-start=\"1085\" data-end=\"1169\"><strong data-start=\"1085\" data-end=\"1119\">Contactez-nous d\u00e8s aujourd\u2019hui<\/strong> pour trouver le joint adapt\u00e9 \u00e0 votre application.<\/p>\n<p>&nbsp;<\/p>\n<p><img loading=\"lazy\" decoding=\"async\" class=\"alignnone size-full wp-image-4467\" src=\"https:\/\/pi-titan.com\/wp-content\/uploads\/2024\/12\/C_UL_US-51x33-1.png\" alt=\"\" width=\"51\" height=\"33\" srcset=\"https:\/\/pi-titan.com\/wp-content\/uploads\/2024\/12\/C_UL_US-51x33-1.png 51w, https:\/\/pi-titan.com\/wp-content\/uploads\/2024\/12\/C_UL_US-51x33-1-18x12.png 18w\" sizes=\"(max-width: 51px) 100vw, 51px\" \/><img loading=\"lazy\" decoding=\"async\" class=\"alignnone size-full wp-image-2304\" src=\"https:\/\/pi-titan.com\/wp-content\/uploads\/2023\/02\/FM-51x33-1.png\" alt=\"\" width=\"51\" height=\"33\" srcset=\"https:\/\/pi-titan.com\/wp-content\/uploads\/2023\/02\/FM-51x33-1.png 51w, https:\/\/pi-titan.com\/wp-content\/uploads\/2023\/02\/FM-51x33-1-18x12.png 18w\" sizes=\"(max-width: 51px) 100vw, 51px\" \/><img loading=\"lazy\" decoding=\"async\" class=\"alignnone size-full wp-image-2302\" src=\"https:\/\/pi-titan.com\/wp-content\/uploads\/2023\/02\/CE-51x33-1.png\" alt=\"\" width=\"51\" height=\"33\" srcset=\"https:\/\/pi-titan.com\/wp-content\/uploads\/2023\/02\/CE-51x33-1.png 51w, https:\/\/pi-titan.com\/wp-content\/uploads\/2023\/02\/CE-51x33-1-18x12.png 18w\" sizes=\"(max-width: 51px) 100vw, 51px\" \/><img loading=\"lazy\" decoding=\"async\" class=\"alignnone size-full wp-image-2290\" src=\"https:\/\/pi-titan.com\/wp-content\/uploads\/2023\/02\/ANSI-51x33-1.png\" alt=\"\" width=\"51\" height=\"33\" srcset=\"https:\/\/pi-titan.com\/wp-content\/uploads\/2023\/02\/ANSI-51x33-1.png 51w, https:\/\/pi-titan.com\/wp-content\/uploads\/2023\/02\/ANSI-51x33-1-18x12.png 18w\" sizes=\"(max-width: 51px) 100vw, 51px\" \/> <img loading=\"lazy\" decoding=\"async\" class=\"alignnone size-full wp-image-2294\" src=\"https:\/\/pi-titan.com\/wp-content\/uploads\/2023\/02\/ASME-Black-51x33-1.png\" alt=\"\" width=\"51\" height=\"33\" srcset=\"https:\/\/pi-titan.com\/wp-content\/uploads\/2023\/02\/ASME-Black-51x33-1.png 51w, https:\/\/pi-titan.com\/wp-content\/uploads\/2023\/02\/ASME-Black-51x33-1-18x12.png 18w\" sizes=\"(max-width: 51px) 100vw, 51px\" \/>\u00a0 <img loading=\"lazy\" decoding=\"async\" class=\"alignnone size-full wp-image-4466\" src=\"https:\/\/pi-titan.com\/wp-content\/uploads\/2024\/12\/ASTM-Black-51x33-1.png\" alt=\"\" width=\"51\" height=\"33\" srcset=\"https:\/\/pi-titan.com\/wp-content\/uploads\/2024\/12\/ASTM-Black-51x33-1.png 51w, https:\/\/pi-titan.com\/wp-content\/uploads\/2024\/12\/ASTM-Black-51x33-1-18x12.png 18w\" sizes=\"(max-width: 51px) 100vw, 51px\" \/><img loading=\"lazy\" decoding=\"async\" class=\"alignnone size-full wp-image-2306\" src=\"https:\/\/pi-titan.com\/wp-content\/uploads\/2023\/02\/ISO-51x33-1.png\" alt=\"\" width=\"51\" height=\"33\" srcset=\"https:\/\/pi-titan.com\/wp-content\/uploads\/2023\/02\/ISO-51x33-1.png 51w, https:\/\/pi-titan.com\/wp-content\/uploads\/2023\/02\/ISO-51x33-1-18x12.png 18w\" sizes=\"(max-width: 51px) 100vw, 51px\" \/><\/p>","protected":false},"excerpt":{"rendered":"<p>Le syst\u00e8me de tuyauterie rainur\u00e9e JUNT est l\u2019un des syst\u00e8mes, les plus avanc\u00e9s, polyvalents, \u00e9conomiques et fiables disponibles aujourd\u2019hui. Fonte ductile ASTM A536 GRADE 65-45-12 FM, UL, CE, IOS, CUL Caoutchouc EPDM Finition Orange RAL-2000, Galvanis\u00e9 &nbsp; D\u00e9couvrez notre gamme compl\u00e8te de joints d\u2019\u00e9tanch\u00e9it\u00e9 con\u00e7us pour assurer performance et durabilit\u00e9 : EPDM \u2013 excellente r\u00e9sistance [&hellip;]<\/p>","protected":false},"featured_media":4526,"template":"","meta":{"_et_pb_use_builder":"","_et_pb_old_content":"","_et_gb_content_width":""},"product_brand":[],"product_cat":[55],"product_tag":[141,120],"class_list":{"0":"post-1150","1":"product","2":"type-product","3":"status-publish","4":"has-post-thumbnail","6":"product_cat-junt","7":"product_tag-junt","8":"product_tag-te","9":"product_shipping_class-expedition-tf","11":"first","12":"onbackorder","13":"taxable","14":"shipping-taxable","15":"purchasable","16":"product-type-variable","17":"add-to-wishlist-after_add_to_cart"},"_links":{"self":[{"href":"https:\/\/pi-titan.com\/en\/wp-json\/wp\/v2\/product\/1150","targetHints":{"allow":["GET"]}}],"collection":[{"href":"https:\/\/pi-titan.com\/en\/wp-json\/wp\/v2\/product"}],"about":[{"href":"https:\/\/pi-titan.com\/en\/wp-json\/wp\/v2\/types\/product"}],"wp:featuredmedia":[{"embeddable":true,"href":"https:\/\/pi-titan.com\/en\/wp-json\/wp\/v2\/media\/4526"}],"wp:attachment":[{"href":"https:\/\/pi-titan.com\/en\/wp-json\/wp\/v2\/media?parent=1150"}],"wp:term":[{"taxonomy":"product_brand","embeddable":true,"href":"https:\/\/pi-titan.com\/en\/wp-json\/wp\/v2\/product_brand?post=1150"},{"taxonomy":"product_cat","embeddable":true,"href":"https:\/\/pi-titan.com\/en\/wp-json\/wp\/v2\/product_cat?post=1150"},{"taxonomy":"product_tag","embeddable":true,"href":"https:\/\/pi-titan.com\/en\/wp-json\/wp\/v2\/product_tag?post=1150"}],"curies":[{"name":"wp","href":"https:\/\/api.w.org\/{rel}","templated":true}]}}