{"id":1142,"date":"2023-02-21T18:26:34","date_gmt":"2023-02-21T18:26:34","guid":{"rendered":"https:\/\/pi-titan.com\/?post_type=product&#038;p=1142"},"modified":"2026-04-02T09:55:46","modified_gmt":"2026-04-02T13:55:46","slug":"bride-rainuree-class-150","status":"publish","type":"product","link":"https:\/\/pi-titan.com\/en\/product\/bride-rainuree-class-150\/","title":{"rendered":"Flange adaptor Class 150"},"content":{"rendered":"<p>The JUNT grooved piping system is one of the most advanced, versatile, cost-effective, and reliable systems available today.<\/p>\n<ul>\n<li>Fonte ductile ASTM A536 GRADE 65-45-12<\/li>\n<li>FM, UL, CE, IOS, CUL<\/li>\n<li>Finition Orange RAL-2000, Galvanis\u00e9<\/li>\n<\/ul>\n<p>&nbsp;<\/p>\n<p><img loading=\"lazy\" decoding=\"async\" class=\"alignnone size-full wp-image-4467\" src=\"https:\/\/pi-titan.com\/wp-content\/uploads\/2024\/12\/C_UL_US-51x33-1.png\" alt=\"\" width=\"51\" height=\"33\" srcset=\"https:\/\/pi-titan.com\/wp-content\/uploads\/2024\/12\/C_UL_US-51x33-1.png 51w, https:\/\/pi-titan.com\/wp-content\/uploads\/2024\/12\/C_UL_US-51x33-1-18x12.png 18w\" sizes=\"(max-width: 51px) 100vw, 51px\" \/><img loading=\"lazy\" decoding=\"async\" class=\"alignnone size-full wp-image-2304\" src=\"https:\/\/pi-titan.com\/wp-content\/uploads\/2023\/02\/FM-51x33-1.png\" alt=\"\" width=\"51\" height=\"33\" srcset=\"https:\/\/pi-titan.com\/wp-content\/uploads\/2023\/02\/FM-51x33-1.png 51w, https:\/\/pi-titan.com\/wp-content\/uploads\/2023\/02\/FM-51x33-1-18x12.png 18w\" sizes=\"(max-width: 51px) 100vw, 51px\" \/><img loading=\"lazy\" decoding=\"async\" class=\"alignnone size-full wp-image-2302\" src=\"https:\/\/pi-titan.com\/wp-content\/uploads\/2023\/02\/CE-51x33-1.png\" alt=\"\" width=\"51\" height=\"33\" srcset=\"https:\/\/pi-titan.com\/wp-content\/uploads\/2023\/02\/CE-51x33-1.png 51w, https:\/\/pi-titan.com\/wp-content\/uploads\/2023\/02\/CE-51x33-1-18x12.png 18w\" sizes=\"(max-width: 51px) 100vw, 51px\" \/><img loading=\"lazy\" decoding=\"async\" class=\"alignnone size-full wp-image-2290\" src=\"https:\/\/pi-titan.com\/wp-content\/uploads\/2023\/02\/ANSI-51x33-1.png\" alt=\"\" width=\"51\" height=\"33\" srcset=\"https:\/\/pi-titan.com\/wp-content\/uploads\/2023\/02\/ANSI-51x33-1.png 51w, https:\/\/pi-titan.com\/wp-content\/uploads\/2023\/02\/ANSI-51x33-1-18x12.png 18w\" sizes=\"(max-width: 51px) 100vw, 51px\" \/> <img loading=\"lazy\" decoding=\"async\" class=\"alignnone size-full wp-image-2294\" src=\"https:\/\/pi-titan.com\/wp-content\/uploads\/2023\/02\/ASME-Black-51x33-1.png\" alt=\"\" width=\"51\" height=\"33\" srcset=\"https:\/\/pi-titan.com\/wp-content\/uploads\/2023\/02\/ASME-Black-51x33-1.png 51w, https:\/\/pi-titan.com\/wp-content\/uploads\/2023\/02\/ASME-Black-51x33-1-18x12.png 18w\" sizes=\"(max-width: 51px) 100vw, 51px\" \/>\u00a0 <img loading=\"lazy\" decoding=\"async\" class=\"alignnone size-full wp-image-4466\" src=\"https:\/\/pi-titan.com\/wp-content\/uploads\/2024\/12\/ASTM-Black-51x33-1.png\" alt=\"\" width=\"51\" height=\"33\" srcset=\"https:\/\/pi-titan.com\/wp-content\/uploads\/2024\/12\/ASTM-Black-51x33-1.png 51w, https:\/\/pi-titan.com\/wp-content\/uploads\/2024\/12\/ASTM-Black-51x33-1-18x12.png 18w\" sizes=\"(max-width: 51px) 100vw, 51px\" \/><img loading=\"lazy\" decoding=\"async\" class=\"alignnone size-full wp-image-2306\" src=\"https:\/\/pi-titan.com\/wp-content\/uploads\/2023\/02\/ISO-51x33-1.png\" alt=\"\" width=\"51\" height=\"33\" srcset=\"https:\/\/pi-titan.com\/wp-content\/uploads\/2023\/02\/ISO-51x33-1.png 51w, https:\/\/pi-titan.com\/wp-content\/uploads\/2023\/02\/ISO-51x33-1-18x12.png 18w\" sizes=\"(max-width: 51px) 100vw, 51px\" \/><\/p>","protected":false},"excerpt":{"rendered":"<p>Le syst\u00e8me de tuyauterie rainur\u00e9e JUNT est l\u2019un des syst\u00e8mes, les plus avanc\u00e9s, polyvalents, \u00e9conomiques et fiables disponibles aujourd\u2019hui. Fonte ductile ASTM A536 GRADE 65-45-12 FM, UL, CE, IOS, CUL Finition Orange RAL-2000, Galvanis\u00e9 &nbsp; \u00a0<\/p>","protected":false},"featured_media":4485,"template":"","meta":{"_et_pb_use_builder":"off","_et_pb_old_content":"<ul>\r\n \t<li>FONTE ductile ASTM A536 GRADE 65-45-12<\/li>\r\n \t<li>FM, UL, CE, IOS, CUL<\/li>\r\n \t<li>CAOUTCHOUC EPDM<\/li>\r\n \t<li>ORANGE RAL-2000, GALVANIS\u00c9<\/li>\r\n<\/ul>\r\n\u00a0\r\n\r\n<img class=\"alignnone size-full wp-image-2300\" src=\"https:\/\/pi-titan.com\/wp-content\/uploads\/2023\/02\/C_UL_US-51x33-1.png\" alt=\"\" width=\"51\" height=\"33\" \/><img class=\"alignnone size-full wp-image-2304\" src=\"https:\/\/pi-titan.com\/wp-content\/uploads\/2023\/02\/FM-51x33-1.png\" alt=\"\" width=\"51\" height=\"33\" \/><img class=\"alignnone size-full wp-image-2302\" src=\"https:\/\/pi-titan.com\/wp-content\/uploads\/2023\/02\/CE-51x33-1.png\" alt=\"\" width=\"51\" height=\"33\" \/><img class=\"alignnone size-full wp-image-2290\" src=\"https:\/\/pi-titan.com\/wp-content\/uploads\/2023\/02\/ANSI-51x33-1.png\" alt=\"\" width=\"51\" height=\"33\" \/> <img class=\"alignnone size-full wp-image-2294\" src=\"https:\/\/pi-titan.com\/wp-content\/uploads\/2023\/02\/ASME-Black-51x33-1.png\" alt=\"\" width=\"51\" height=\"33\" \/> \u00a0<img class=\"alignnone size-full wp-image-2298\" src=\"https:\/\/pi-titan.com\/wp-content\/uploads\/2023\/02\/ASTM-Black-51x33-1.png\" alt=\"\" width=\"51\" height=\"33\" \/><img class=\"alignnone size-full wp-image-2306\" src=\"https:\/\/pi-titan.com\/wp-content\/uploads\/2023\/02\/ISO-51x33-1.png\" alt=\"\" width=\"51\" height=\"33\" \/>","_et_gb_content_width":""},"product_brand":[],"product_cat":[55],"product_tag":[142,141],"class_list":{"0":"post-1142","1":"product","2":"type-product","3":"status-publish","4":"has-post-thumbnail","6":"product_cat-junt","7":"product_tag-bride","8":"product_tag-junt","9":"product_shipping_class-expedition-tf","11":"first","12":"instock","13":"taxable","14":"shipping-taxable","15":"purchasable","16":"product-type-variable","17":"add-to-wishlist-after_add_to_cart"},"_links":{"self":[{"href":"https:\/\/pi-titan.com\/en\/wp-json\/wp\/v2\/product\/1142","targetHints":{"allow":["GET"]}}],"collection":[{"href":"https:\/\/pi-titan.com\/en\/wp-json\/wp\/v2\/product"}],"about":[{"href":"https:\/\/pi-titan.com\/en\/wp-json\/wp\/v2\/types\/product"}],"wp:featuredmedia":[{"embeddable":true,"href":"https:\/\/pi-titan.com\/en\/wp-json\/wp\/v2\/media\/4485"}],"wp:attachment":[{"href":"https:\/\/pi-titan.com\/en\/wp-json\/wp\/v2\/media?parent=1142"}],"wp:term":[{"taxonomy":"product_brand","embeddable":true,"href":"https:\/\/pi-titan.com\/en\/wp-json\/wp\/v2\/product_brand?post=1142"},{"taxonomy":"product_cat","embeddable":true,"href":"https:\/\/pi-titan.com\/en\/wp-json\/wp\/v2\/product_cat?post=1142"},{"taxonomy":"product_tag","embeddable":true,"href":"https:\/\/pi-titan.com\/en\/wp-json\/wp\/v2\/product_tag?post=1142"}],"curies":[{"name":"wp","href":"https:\/\/api.w.org\/{rel}","templated":true}]}}